{"id":347,"date":"2022-01-07T11:32:35","date_gmt":"2022-01-07T02:32:35","guid":{"rendered":"https:\/\/watvseminar.org\/home\/"},"modified":"2022-02-18T14:36:16","modified_gmt":"2022-02-18T05:36:16","slug":"home","status":"publish","type":"page","link":"https:\/\/watvseminar.org\/pt-br\/","title":{"rendered":"WATV Semin\u00e1rio B\u00edblico Internacional &#8211; Igreja de Deus Sociedade Mission\u00e1ria Mundial"},"content":{"rendered":"","protected":false},"excerpt":{"rendered":"","protected":false},"author":12,"featured_media":398,"parent":0,"menu_order":0,"comment_status":"closed","ping_status":"closed","template":"","meta":{"footnotes":""},"class_list":["post-347","page","type-page","status-publish","has-post-thumbnail","hentry"],"yoast_head":"<!-- This site is optimized with the Yoast SEO plugin v23.8 - https:\/\/yoast.com\/wordpress\/plugins\/seo\/ -->\n<title>WATV Semin\u00e1rio B\u00edblico Internacional - Igreja de Deus Sociedade Mission\u00e1ria Mundial<\/title>\n<meta name=\"robots\" content=\"index, follow, max-snippet:-1, max-image-preview:large, max-video-preview:-1\" \/>\n<link rel=\"canonical\" href=\"https:\/\/watvseminar.org\/pt-br\/\" \/>\n<meta property=\"og:locale\" content=\"pt_BR\" \/>\n<meta property=\"og:type\" content=\"article\" \/>\n<meta property=\"og:title\" content=\"WATV Semin\u00e1rio B\u00edblico Internacional - Igreja de Deus Sociedade Mission\u00e1ria Mundial\" \/>\n<meta property=\"og:url\" content=\"https:\/\/watvseminar.org\/pt-br\/\" \/>\n<meta property=\"og:site_name\" content=\"WATV \uad6d\uc81c\uc131\uacbd\uc138\ubbf8\ub098\" \/>\n<meta property=\"article:modified_time\" content=\"2022-02-18T05:36:16+00:00\" \/>\n<meta property=\"og:image\" content=\"https:\/\/watvseminar.org\/wp-content\/uploads\/2022\/02\/home.jpg\" \/>\n\t<meta property=\"og:image:width\" content=\"1200\" \/>\n\t<meta property=\"og:image:height\" content=\"630\" \/>\n\t<meta property=\"og:image:type\" content=\"image\/jpeg\" \/>\n<meta name=\"twitter:card\" content=\"summary_large_image\" \/>\n<script type=\"application\/ld+json\" class=\"yoast-schema-graph\">{\"@context\":\"https:\/\/schema.org\",\"@graph\":[{\"@type\":\"WebPage\",\"@id\":\"https:\/\/watvseminar.org\/pt-br\/\",\"url\":\"https:\/\/watvseminar.org\/pt-br\/\",\"name\":\"WATV Semin\u00e1rio B\u00edblico Internacional - Igreja de Deus Sociedade Mission\u00e1ria Mundial\",\"isPartOf\":{\"@id\":\"https:\/\/watvseminar.org\/pt-br\/#website\"},\"primaryImageOfPage\":{\"@id\":\"https:\/\/watvseminar.org\/pt-br\/#primaryimage\"},\"image\":{\"@id\":\"https:\/\/watvseminar.org\/pt-br\/#primaryimage\"},\"thumbnailUrl\":\"https:\/\/watvseminar.org\/wp-content\/uploads\/2022\/02\/home.jpg\",\"datePublished\":\"2022-01-07T02:32:35+00:00\",\"dateModified\":\"2022-02-18T05:36:16+00:00\",\"breadcrumb\":{\"@id\":\"https:\/\/watvseminar.org\/pt-br\/#breadcrumb\"},\"inLanguage\":\"pt-BR\",\"potentialAction\":[{\"@type\":\"ReadAction\",\"target\":[\"https:\/\/watvseminar.org\/pt-br\/\"]}]},{\"@type\":\"ImageObject\",\"inLanguage\":\"pt-BR\",\"@id\":\"https:\/\/watvseminar.org\/pt-br\/#primaryimage\",\"url\":\"https:\/\/watvseminar.org\/wp-content\/uploads\/2022\/02\/home.jpg\",\"contentUrl\":\"https:\/\/watvseminar.org\/wp-content\/uploads\/2022\/02\/home.jpg\",\"width\":1200,\"height\":630},{\"@type\":\"BreadcrumbList\",\"@id\":\"https:\/\/watvseminar.org\/pt-br\/#breadcrumb\",\"itemListElement\":[{\"@type\":\"ListItem\",\"position\":1,\"name\":\"\ud648\",\"item\":\"https:\/\/watvseminar.org\/pt-br\/\"},{\"@type\":\"ListItem\",\"position\":2,\"name\":\"WATV Semin\u00e1rio B\u00edblico Internacional &#8211; Igreja de Deus Sociedade Mission\u00e1ria Mundial\"}]},{\"@type\":\"WebSite\",\"@id\":\"https:\/\/watvseminar.org\/pt-br\/#website\",\"url\":\"https:\/\/watvseminar.org\/pt-br\/\",\"name\":\"WATV \uad6d\uc81c\uc131\uacbd\uc138\ubbf8\ub098\",\"description\":\"\",\"potentialAction\":[{\"@type\":\"SearchAction\",\"target\":{\"@type\":\"EntryPoint\",\"urlTemplate\":\"https:\/\/watvseminar.org\/pt-br\/?s={search_term_string}\"},\"query-input\":{\"@type\":\"PropertyValueSpecification\",\"valueRequired\":true,\"valueName\":\"search_term_string\"}}],\"inLanguage\":\"pt-BR\"}]}<\/script>\n<!-- \/ Yoast SEO plugin. -->","yoast_head_json":{"title":"WATV Semin\u00e1rio B\u00edblico Internacional - Igreja de Deus Sociedade Mission\u00e1ria Mundial","robots":{"index":"index","follow":"follow","max-snippet":"max-snippet:-1","max-image-preview":"max-image-preview:large","max-video-preview":"max-video-preview:-1"},"canonical":"https:\/\/watvseminar.org\/pt-br\/","og_locale":"pt_BR","og_type":"article","og_title":"WATV Semin\u00e1rio B\u00edblico Internacional - Igreja de Deus Sociedade Mission\u00e1ria Mundial","og_url":"https:\/\/watvseminar.org\/pt-br\/","og_site_name":"WATV \uad6d\uc81c\uc131\uacbd\uc138\ubbf8\ub098","article_modified_time":"2022-02-18T05:36:16+00:00","og_image":[{"width":1200,"height":630,"url":"https:\/\/watvseminar.org\/wp-content\/uploads\/2022\/02\/home.jpg","type":"image\/jpeg"}],"twitter_card":"summary_large_image","schema":{"@context":"https:\/\/schema.org","@graph":[{"@type":"WebPage","@id":"https:\/\/watvseminar.org\/pt-br\/","url":"https:\/\/watvseminar.org\/pt-br\/","name":"WATV Semin\u00e1rio B\u00edblico Internacional - Igreja de Deus Sociedade Mission\u00e1ria Mundial","isPartOf":{"@id":"https:\/\/watvseminar.org\/pt-br\/#website"},"primaryImageOfPage":{"@id":"https:\/\/watvseminar.org\/pt-br\/#primaryimage"},"image":{"@id":"https:\/\/watvseminar.org\/pt-br\/#primaryimage"},"thumbnailUrl":"https:\/\/watvseminar.org\/wp-content\/uploads\/2022\/02\/home.jpg","datePublished":"2022-01-07T02:32:35+00:00","dateModified":"2022-02-18T05:36:16+00:00","breadcrumb":{"@id":"https:\/\/watvseminar.org\/pt-br\/#breadcrumb"},"inLanguage":"pt-BR","potentialAction":[{"@type":"ReadAction","target":["https:\/\/watvseminar.org\/pt-br\/"]}]},{"@type":"ImageObject","inLanguage":"pt-BR","@id":"https:\/\/watvseminar.org\/pt-br\/#primaryimage","url":"https:\/\/watvseminar.org\/wp-content\/uploads\/2022\/02\/home.jpg","contentUrl":"https:\/\/watvseminar.org\/wp-content\/uploads\/2022\/02\/home.jpg","width":1200,"height":630},{"@type":"BreadcrumbList","@id":"https:\/\/watvseminar.org\/pt-br\/#breadcrumb","itemListElement":[{"@type":"ListItem","position":1,"name":"\ud648","item":"https:\/\/watvseminar.org\/pt-br\/"},{"@type":"ListItem","position":2,"name":"WATV Semin\u00e1rio B\u00edblico Internacional &#8211; Igreja de Deus Sociedade Mission\u00e1ria Mundial"}]},{"@type":"WebSite","@id":"https:\/\/watvseminar.org\/pt-br\/#website","url":"https:\/\/watvseminar.org\/pt-br\/","name":"WATV \uad6d\uc81c\uc131\uacbd\uc138\ubbf8\ub098","description":"","potentialAction":[{"@type":"SearchAction","target":{"@type":"EntryPoint","urlTemplate":"https:\/\/watvseminar.org\/pt-br\/?s={search_term_string}"},"query-input":{"@type":"PropertyValueSpecification","valueRequired":true,"valueName":"search_term_string"}}],"inLanguage":"pt-BR"}]}},"_links":{"self":[{"href":"https:\/\/watvseminar.org\/pt-br\/wp-json\/wp\/v2\/pages\/347","targetHints":{"allow":["GET"]}}],"collection":[{"href":"https:\/\/watvseminar.org\/pt-br\/wp-json\/wp\/v2\/pages"}],"about":[{"href":"https:\/\/watvseminar.org\/pt-br\/wp-json\/wp\/v2\/types\/page"}],"author":[{"embeddable":true,"href":"https:\/\/watvseminar.org\/pt-br\/wp-json\/wp\/v2\/users\/12"}],"replies":[{"embeddable":true,"href":"https:\/\/watvseminar.org\/pt-br\/wp-json\/wp\/v2\/comments?post=347"}],"version-history":[{"count":4,"href":"https:\/\/watvseminar.org\/pt-br\/wp-json\/wp\/v2\/pages\/347\/revisions"}],"predecessor-version":[{"id":948,"href":"https:\/\/watvseminar.org\/pt-br\/wp-json\/wp\/v2\/pages\/347\/revisions\/948"}],"wp:featuredmedia":[{"embeddable":true,"href":"https:\/\/watvseminar.org\/pt-br\/wp-json\/wp\/v2\/media\/398"}],"wp:attachment":[{"href":"https:\/\/watvseminar.org\/pt-br\/wp-json\/wp\/v2\/media?parent=347"}],"curies":[{"name":"wp","href":"https:\/\/api.w.org\/{rel}","templated":true}]}}